{"id":2122,"date":"2025-09-10T11:15:44","date_gmt":"2025-09-10T11:15:44","guid":{"rendered":"https:\/\/suncanamore.com\/?post_type=product&#038;p=2122"},"modified":"2025-10-02T10:59:32","modified_gmt":"2025-10-02T08:59:32","slug":"rising-star-necklace","status":"publish","type":"product","link":"https:\/\/suncanamore.com\/?product=rising-star-necklace","title":{"rendered":"Ogrlica Ru\u017eica"},"content":{"rendered":"<div id=\":sx\" class=\"Ar Au Ao\">\n<div id=\":st\" class=\"Am Al editable LW-avf tS-tW tS-tY\" tabindex=\"1\" role=\"textbox\" spellcheck=\"false\" aria-multiline=\"true\" aria-label=\"Message Body\">\n<p data-start=\"30\" data-end=\"103\"><strong data-start=\"30\" data-end=\"101\">Prekrasna ogrlica s pa\u0161kom \u010dipkom i divnim grubo obra\u0111enim rozim kvarcom<\/strong><\/p>\n<p data-start=\"105\" data-end=\"163\">Zagarantirano \u0107e privu\u0107i poglede \u010dim u\u0111ete u prostoriju!<\/p>\n<p data-start=\"165\" data-end=\"399\">Motiv pa\u0161ke \u010dipke ugraviran je u metalnu povr\u0161inu ekolo\u0161ki prihvatljivim metodama. Koristimo morsku sol i elektri\u010dnu struju kako bismo stvorili ovu \u010daroliju. Ova metoda daje vrlo prirodan izgled, zbog \u010dega je svaki komad jedinstven.<\/p>\n<p data-start=\"401\" data-end=\"582\">Izra\u0111ena je od \u010distog aluminija visoke kvalitete za izradu nakita. Hipoalergeni materijal, vrlo otporan i siguran za no\u0161enje. Lan\u010di\u0107 i kop\u010da izra\u0111eni su od nehr\u0111aju\u0107eg \u010delika 304.<\/p>\n<p data-start=\"584\" data-end=\"726\">Proces graviranja zahtijeva majstora tehnike i potpunu posve\u0107enost da bi bio uspje\u0161an. Nakon toga, sav na\u0161 nakit ru\u010dno se oblikuje i polira.<\/p>\n<p data-start=\"728\" data-end=\"754\">Dimenzije: medaljon 4 cm<\/p>\n<p data-start=\"756\" data-end=\"777\">Du\u017eina lanca: 65 cm<\/p>\n<\/div>\n<\/div>\n","protected":false},"excerpt":{"rendered":"<p>Prekrasna ogrlica s pa\u0161kom \u010dipkom i divnim grubo obra\u0111enim rozim kvarcom Zagarantirano \u0107e privu\u0107i poglede \u010dim u\u0111ete u prostoriju! Motiv pa\u0161ke \u010dipke ugraviran je u metalnu povr\u0161inu ekolo\u0161ki prihvatljivim metodama. Koristimo morsku sol i elektri\u010dnu struju kako bismo stvorili ovu \u010daroliju. Ova metoda daje vrlo prirodan izgled, zbog \u010dega je svaki komad jedinstven. Izra\u0111ena je [&hellip;]<\/p>\n","protected":false},"featured_media":2890,"comment_status":"open","ping_status":"closed","template":"","meta":{"ocean_post_layout":"","ocean_both_sidebars_style":"","ocean_both_sidebars_content_width":0,"ocean_both_sidebars_sidebars_width":0,"ocean_sidebar":"0","ocean_second_sidebar":"0","ocean_disable_margins":"enable","ocean_add_body_class":"","ocean_shortcode_before_top_bar":"","ocean_shortcode_after_top_bar":"","ocean_shortcode_before_header":"","ocean_shortcode_after_header":"","ocean_has_shortcode":"","ocean_shortcode_after_title":"","ocean_shortcode_before_footer_widgets":"","ocean_shortcode_after_footer_widgets":"","ocean_shortcode_before_footer_bottom":"","ocean_shortcode_after_footer_bottom":"","ocean_display_top_bar":"default","ocean_display_header":"default","ocean_header_style":"","ocean_center_header_left_menu":"0","ocean_custom_header_template":"0","ocean_custom_logo":0,"ocean_custom_retina_logo":0,"ocean_custom_logo_max_width":0,"ocean_custom_logo_tablet_max_width":0,"ocean_custom_logo_mobile_max_width":0,"ocean_custom_logo_max_height":0,"ocean_custom_logo_tablet_max_height":0,"ocean_custom_logo_mobile_max_height":0,"ocean_header_custom_menu":"0","ocean_menu_typo_font_family":"0","ocean_menu_typo_font_subset":"","ocean_menu_typo_font_size":0,"ocean_menu_typo_font_size_tablet":0,"ocean_menu_typo_font_size_mobile":0,"ocean_menu_typo_font_size_unit":"px","ocean_menu_typo_font_weight":"","ocean_menu_typo_font_weight_tablet":"","ocean_menu_typo_font_weight_mobile":"","ocean_menu_typo_transform":"","ocean_menu_typo_transform_tablet":"","ocean_menu_typo_transform_mobile":"","ocean_menu_typo_line_height":0,"ocean_menu_typo_line_height_tablet":0,"ocean_menu_typo_line_height_mobile":0,"ocean_menu_typo_line_height_unit":"","ocean_menu_typo_spacing":0,"ocean_menu_typo_spacing_tablet":0,"ocean_menu_typo_spacing_mobile":0,"ocean_menu_typo_spacing_unit":"","ocean_menu_link_color":"","ocean_menu_link_color_hover":"","ocean_menu_link_color_active":"","ocean_menu_link_background":"","ocean_menu_link_hover_background":"","ocean_menu_link_active_background":"","ocean_menu_social_links_bg":"","ocean_menu_social_hover_links_bg":"","ocean_menu_social_links_color":"","ocean_menu_social_hover_links_color":"","ocean_disable_title":"default","ocean_disable_heading":"default","ocean_post_title":"","ocean_post_subheading":"","ocean_post_title_style":"","ocean_post_title_background_color":"","ocean_post_title_background":0,"ocean_post_title_bg_image_position":"","ocean_post_title_bg_image_attachment":"","ocean_post_title_bg_image_repeat":"","ocean_post_title_bg_image_size":"","ocean_post_title_height":0,"ocean_post_title_bg_overlay":0.5,"ocean_post_title_bg_overlay_color":"","ocean_disable_breadcrumbs":"default","ocean_breadcrumbs_color":"","ocean_breadcrumbs_separator_color":"","ocean_breadcrumbs_links_color":"","ocean_breadcrumbs_links_hover_color":"","ocean_display_footer_widgets":"default","ocean_display_footer_bottom":"default","ocean_custom_footer_template":"0","omw_enable_modal_window":"enable"},"product_brand":[],"product_cat":[71,160,159],"product_tag":[72,79,78,100,87],"class_list":{"0":"post-2122","1":"product","2":"type-product","3":"status-publish","4":"has-post-thumbnail","6":"product_cat-ogrlice","7":"product_cat-outlet","8":"product_cat-srebrne-ogrlice","9":"product_tag-bestseller","10":"product_tag-brass","11":"product_tag-jewelry-2","12":"product_tag-necklace-2","13":"product_tag-quartz","15":"entry","16":"has-media","18":"first","19":"instock","20":"sale","21":"purchasable","22":"product-type-simple","23":"has-product-nav","24":"col","25":"span_1_of_3","26":"owp-content-center","27":"owp-thumbs-layout-horizontal","28":"owp-btn-normal","29":"owp-tabs-layout-horizontal","30":"has-no-thumbnails"},"_links":{"self":[{"href":"https:\/\/suncanamore.com\/index.php?rest_route=\/wp\/v2\/product\/2122","targetHints":{"allow":["GET"]}}],"collection":[{"href":"https:\/\/suncanamore.com\/index.php?rest_route=\/wp\/v2\/product"}],"about":[{"href":"https:\/\/suncanamore.com\/index.php?rest_route=\/wp\/v2\/types\/product"}],"replies":[{"embeddable":true,"href":"https:\/\/suncanamore.com\/index.php?rest_route=%2Fwp%2Fv2%2Fcomments&post=2122"}],"wp:featuredmedia":[{"embeddable":true,"href":"https:\/\/suncanamore.com\/index.php?rest_route=\/wp\/v2\/media\/2890"}],"wp:attachment":[{"href":"https:\/\/suncanamore.com\/index.php?rest_route=%2Fwp%2Fv2%2Fmedia&parent=2122"}],"wp:term":[{"taxonomy":"product_brand","embeddable":true,"href":"https:\/\/suncanamore.com\/index.php?rest_route=%2Fwp%2Fv2%2Fproduct_brand&post=2122"},{"taxonomy":"product_cat","embeddable":true,"href":"https:\/\/suncanamore.com\/index.php?rest_route=%2Fwp%2Fv2%2Fproduct_cat&post=2122"},{"taxonomy":"product_tag","embeddable":true,"href":"https:\/\/suncanamore.com\/index.php?rest_route=%2Fwp%2Fv2%2Fproduct_tag&post=2122"}],"curies":[{"name":"wp","href":"https:\/\/api.w.org\/{rel}","templated":true}]}}