{"id":2127,"date":"2025-09-10T11:15:45","date_gmt":"2025-09-10T11:15:45","guid":{"rendered":"https:\/\/suncanamore.com\/?post_type=product&#038;p=2127"},"modified":"2025-09-28T18:52:18","modified_gmt":"2025-09-28T16:52:18","slug":"pag-triangle-brass-earrings","status":"publish","type":"product","link":"https:\/\/suncanamore.com\/?product=pag-triangle-brass-earrings","title":{"rendered":"Trokut pa\u0161ke \u010dipke"},"content":{"rendered":"<div id=\":sx\" class=\"Ar Au Ao\">\n<div id=\":st\" class=\"Am Al editable LW-avf tS-tW tS-tY\" tabindex=\"1\" role=\"textbox\" spellcheck=\"false\" aria-multiline=\"true\" aria-label=\"Message Body\">\n<h6 class=\"sr-only\"><span style=\"font-size: 16px;\">Velike trokutaste nau\u0161nice koje \u0107e vas u\u010diniti sjajnima poput sunca!<\/span><\/h6>\n<div class=\"text-base my-auto mx-auto pb-10 [--thread-content-margin:--spacing(4)] thread-sm:[--thread-content-margin:--spacing(6)] thread-lg:[--thread-content-margin:--spacing(16)] px-(--thread-content-margin)\">\n<div class=\"[--thread-content-max-width:40rem] thread-lg:[--thread-content-max-width:48rem] mx-auto max-w-(--thread-content-max-width) flex-1 group\/turn-messages focus-visible:outline-hidden relative flex w-full min-w-0 flex-col agent-turn\" tabindex=\"-1\">\n<div class=\"flex max-w-full flex-col grow\">\n<div class=\"min-h-8 text-message relative flex w-full flex-col items-end gap-2 text-start break-words whitespace-normal [.text-message+&amp;]:mt-5\" dir=\"auto\" data-message-author-role=\"assistant\" data-message-id=\"b4b69cbd-dbda-41bd-9a91-8eaac18a7436\" data-message-model-slug=\"gpt-5-mini\">\n<div class=\"flex w-full flex-col gap-1 empty:hidden first:pt-[3px]\">\n<div class=\"markdown prose dark:prose-invert w-full break-words light markdown-new-styling\">\n<p data-start=\"72\" data-end=\"293\">Motiv pa\u0161ke \u010dipke urezan je u metalnu povr\u0161inu ekolo\u0161kim metodama. Koristimo slanu vodu (more) i elektri\u010dnu struju kako bismo stvorili ovu \u010daroliju. Ova metoda daje vrlo prirodan izgled, \u010dine\u0107i svaki komad jedinstvenim.<\/p>\n<p data-start=\"295\" data-end=\"450\">Dostupno samo u mesingu! Dijelovi koji prolaze kroz uho izra\u0111eni su od nehr\u0111aju\u0107eg \u010delika 304. Hipoalergeni materijal, vrlo otporan i siguran za no\u0161enje.<\/p>\n<p data-start=\"452\" data-end=\"691\">Mesing prirodno razvija patinu koja s vremenom dodaje dimenziju, karakter i ljepotu. Jednostavan na\u010din da postignete ovaj izgled je da izbjegavate poliranje i dopustite da kisik i va\u0161a prirodna tjelesna kemija stvore \u201e\u017eivi\u201c zavr\u0161ni sloj.<\/p>\n<p data-start=\"693\" data-end=\"880\">Ako \u017eelite zadr\u017eati originalni sjaj i blistavost, ovaj vodi\u010d sadr\u017ei najbolje savjete za \u010di\u0161\u0107enje i odr\u017eavanje mesinganog nakita. Redovito \u010di\u0161\u0107enje mo\u017ee vratiti mesingu prvobitni izgled.<\/p>\n<p data-start=\"882\" data-end=\"1308\">Kod nekih osoba koje nose rozo zlato, srebro ili mesing mo\u017ee do\u0107i do \u201ezelena\u0161enja\u201c na ko\u017ei. Ovo nije znak lo\u0161e kvalitete nakita, ve\u0107 kemijska reakcija izme\u0111u prirodnih ulja na ko\u017ei i bakra u nakitu. Ho\u0107ete li to iskusiti ovisi o pH vrijednosti va\u0161e ko\u017ee. Vi\u0161i pH zna\u010di da \u0107ete mo\u017eda \u010de\u0161\u0107e morati \u010distiti nakit. Ova pojava je potpuno bezopasna i s vremenom nestaje. Pravovremeno \u010di\u0161\u0107enje mo\u017ee vratiti mesingu originalnu boju.<\/p>\n<p data-start=\"1310\" data-end=\"1433\">Proces urezivanja zahtijeva majstorsku vje\u0161tinu i potpunu koncentraciju. Sav nakit se nakon toga ru\u010dno oblikuje i polira.<\/p>\n<p data-start=\"1435\" data-end=\"1460\" data-is-last-node=\"\" data-is-only-node=\"\">Dimenzije: pribli\u017eno 7 cm<\/p>\n<\/div>\n<\/div>\n<\/div>\n<\/div>\n<\/div>\n<\/div>\n<\/div>\n<\/div>\n","protected":false},"excerpt":{"rendered":"<p>Velike trokutaste nau\u0161nice koje \u0107e vas u\u010diniti sjajnima poput sunca! Motiv pa\u0161ke \u010dipke urezan je u metalnu povr\u0161inu ekolo\u0161kim metodama. Koristimo slanu vodu (more) i elektri\u010dnu struju kako bismo stvorili ovu \u010daroliju. Ova metoda daje vrlo prirodan izgled, \u010dine\u0107i svaki komad jedinstvenim. Dostupno samo u mesingu! Dijelovi koji prolaze kroz uho izra\u0111eni su od nehr\u0111aju\u0107eg [&hellip;]<\/p>\n","protected":false},"featured_media":2550,"comment_status":"open","ping_status":"closed","template":"","meta":{"ocean_post_layout":"","ocean_both_sidebars_style":"","ocean_both_sidebars_content_width":0,"ocean_both_sidebars_sidebars_width":0,"ocean_sidebar":"0","ocean_second_sidebar":"0","ocean_disable_margins":"enable","ocean_add_body_class":"","ocean_shortcode_before_top_bar":"","ocean_shortcode_after_top_bar":"","ocean_shortcode_before_header":"","ocean_shortcode_after_header":"","ocean_has_shortcode":"","ocean_shortcode_after_title":"","ocean_shortcode_before_footer_widgets":"","ocean_shortcode_after_footer_widgets":"","ocean_shortcode_before_footer_bottom":"","ocean_shortcode_after_footer_bottom":"","ocean_display_top_bar":"default","ocean_display_header":"default","ocean_header_style":"","ocean_center_header_left_menu":"0","ocean_custom_header_template":"0","ocean_custom_logo":0,"ocean_custom_retina_logo":0,"ocean_custom_logo_max_width":0,"ocean_custom_logo_tablet_max_width":0,"ocean_custom_logo_mobile_max_width":0,"ocean_custom_logo_max_height":0,"ocean_custom_logo_tablet_max_height":0,"ocean_custom_logo_mobile_max_height":0,"ocean_header_custom_menu":"0","ocean_menu_typo_font_family":"0","ocean_menu_typo_font_subset":"","ocean_menu_typo_font_size":0,"ocean_menu_typo_font_size_tablet":0,"ocean_menu_typo_font_size_mobile":0,"ocean_menu_typo_font_size_unit":"px","ocean_menu_typo_font_weight":"","ocean_menu_typo_font_weight_tablet":"","ocean_menu_typo_font_weight_mobile":"","ocean_menu_typo_transform":"","ocean_menu_typo_transform_tablet":"","ocean_menu_typo_transform_mobile":"","ocean_menu_typo_line_height":0,"ocean_menu_typo_line_height_tablet":0,"ocean_menu_typo_line_height_mobile":0,"ocean_menu_typo_line_height_unit":"","ocean_menu_typo_spacing":0,"ocean_menu_typo_spacing_tablet":0,"ocean_menu_typo_spacing_mobile":0,"ocean_menu_typo_spacing_unit":"","ocean_menu_link_color":"","ocean_menu_link_color_hover":"","ocean_menu_link_color_active":"","ocean_menu_link_background":"","ocean_menu_link_hover_background":"","ocean_menu_link_active_background":"","ocean_menu_social_links_bg":"","ocean_menu_social_hover_links_bg":"","ocean_menu_social_links_color":"","ocean_menu_social_hover_links_color":"","ocean_disable_title":"default","ocean_disable_heading":"default","ocean_post_title":"","ocean_post_subheading":"","ocean_post_title_style":"","ocean_post_title_background_color":"","ocean_post_title_background":0,"ocean_post_title_bg_image_position":"","ocean_post_title_bg_image_attachment":"","ocean_post_title_bg_image_repeat":"","ocean_post_title_bg_image_size":"","ocean_post_title_height":0,"ocean_post_title_bg_overlay":0.5,"ocean_post_title_bg_overlay_color":"","ocean_disable_breadcrumbs":"default","ocean_breadcrumbs_color":"","ocean_breadcrumbs_separator_color":"","ocean_breadcrumbs_links_color":"","ocean_breadcrumbs_links_hover_color":"","ocean_display_footer_widgets":"default","ocean_display_footer_bottom":"default","ocean_custom_footer_template":"0","omw_enable_modal_window":"enable"},"product_brand":[],"product_cat":[76,112],"product_tag":[72,79,77,78],"class_list":{"0":"post-2127","1":"product","2":"type-product","3":"status-publish","4":"has-post-thumbnail","6":"product_cat-nausnice","7":"product_cat-zlatne-nausnice","8":"product_tag-bestseller","9":"product_tag-brass","10":"product_tag-earrings","11":"product_tag-jewelry-2","13":"entry","14":"has-media","16":"first","17":"instock","18":"purchasable","19":"product-type-simple","20":"has-product-nav","21":"col","22":"span_1_of_3","23":"owp-content-center","24":"owp-thumbs-layout-horizontal","25":"owp-btn-normal","26":"owp-tabs-layout-horizontal"},"_links":{"self":[{"href":"https:\/\/suncanamore.com\/index.php?rest_route=\/wp\/v2\/product\/2127","targetHints":{"allow":["GET"]}}],"collection":[{"href":"https:\/\/suncanamore.com\/index.php?rest_route=\/wp\/v2\/product"}],"about":[{"href":"https:\/\/suncanamore.com\/index.php?rest_route=\/wp\/v2\/types\/product"}],"replies":[{"embeddable":true,"href":"https:\/\/suncanamore.com\/index.php?rest_route=%2Fwp%2Fv2%2Fcomments&post=2127"}],"wp:featuredmedia":[{"embeddable":true,"href":"https:\/\/suncanamore.com\/index.php?rest_route=\/wp\/v2\/media\/2550"}],"wp:attachment":[{"href":"https:\/\/suncanamore.com\/index.php?rest_route=%2Fwp%2Fv2%2Fmedia&parent=2127"}],"wp:term":[{"taxonomy":"product_brand","embeddable":true,"href":"https:\/\/suncanamore.com\/index.php?rest_route=%2Fwp%2Fv2%2Fproduct_brand&post=2127"},{"taxonomy":"product_cat","embeddable":true,"href":"https:\/\/suncanamore.com\/index.php?rest_route=%2Fwp%2Fv2%2Fproduct_cat&post=2127"},{"taxonomy":"product_tag","embeddable":true,"href":"https:\/\/suncanamore.com\/index.php?rest_route=%2Fwp%2Fv2%2Fproduct_tag&post=2127"}],"curies":[{"name":"wp","href":"https:\/\/api.w.org\/{rel}","templated":true}]}}