{"id":2202,"date":"2025-09-10T11:16:14","date_gmt":"2025-09-10T11:16:14","guid":{"rendered":"https:\/\/suncanamore.com\/?post_type=product&#038;p=2202"},"modified":"2025-11-17T11:09:39","modified_gmt":"2025-11-17T10:09:39","slug":"lace-sunrise-cuff","status":"publish","type":"product","link":"https:\/\/suncanamore.com\/?product=lace-sunrise-cuff","title":{"rendered":"\u010cipkasta zora narukvica"},"content":{"rendered":"<p data-start=\"0\" data-end=\"38\">Ove \u0161iroke narukvice su jedinstvene!<\/p>\n<p data-start=\"40\" data-end=\"97\">Najzahtjevniji su komad nakita za izradu ovom tehnikom.<\/p>\n<p data-start=\"99\" data-end=\"438\">Motiv pa\u0161ke \u010dipke urezan je u metal povr\u0161inu ekolo\u0161kim metodama. Koristimo slanu vodu (more) i elektri\u010dnu struju kako bi se stvorila ova \u010darolija. Ova metoda daje vrlo prirodan izgled, \u010dine\u0107i svaki komad jedinstvenim. Proces urezivanja zahtijeva majstorsku vje\u0161tinu i punu koncentraciju. Nakon toga, sav nakit oblikuje se i polira ru\u010dno.<\/p>\n<p data-start=\"440\" data-end=\"539\">Izra\u0111eno je od visokokvalitetnog aluminija 99,5, hipoalergeno, vrlo otporno i sigurno za no\u0161enje.<\/p>\n<p data-start=\"541\" data-end=\"744\">Aluminij je prekrasan i sjajan u hladnom srebrnom tonu. Tako\u0111er je vrlo lagan pa narukvica ne\u0107e pritiskati ruku \u010dak i ako je ve\u0107a. Ako izgubi malo sjaja, koristi krpicu za \u010di\u0161\u0107enje nakita za poliranje.<\/p>\n<p data-start=\"746\" data-end=\"787\" data-is-last-node=\"\" data-is-only-node=\"\">Dimenzije: pribli\u017eno 2-3 cm<br data-start=\"771\" data-end=\"774\" \/>Du\u017eina: 18 cm<\/p>\n","protected":false},"excerpt":{"rendered":"<p>Ove \u0161iroke narukvice su jedinstvene! Najzahtjevniji su komad nakita za izradu ovom tehnikom. Motiv pa\u0161ke \u010dipke urezan je u metal povr\u0161inu ekolo\u0161kim metodama. Koristimo slanu vodu (more) i elektri\u010dnu struju kako bi se stvorila ova \u010darolija. Ova metoda daje vrlo prirodan izgled, \u010dine\u0107i svaki komad jedinstvenim. Proces urezivanja zahtijeva majstorsku vje\u0161tinu i punu koncentraciju. Nakon [&hellip;]<\/p>\n","protected":false},"featured_media":2541,"comment_status":"open","ping_status":"closed","template":"","meta":{"ocean_post_layout":"","ocean_both_sidebars_style":"","ocean_both_sidebars_content_width":0,"ocean_both_sidebars_sidebars_width":0,"ocean_sidebar":"0","ocean_second_sidebar":"0","ocean_disable_margins":"enable","ocean_add_body_class":"","ocean_shortcode_before_top_bar":"","ocean_shortcode_after_top_bar":"","ocean_shortcode_before_header":"","ocean_shortcode_after_header":"","ocean_has_shortcode":"","ocean_shortcode_after_title":"","ocean_shortcode_before_footer_widgets":"","ocean_shortcode_after_footer_widgets":"","ocean_shortcode_before_footer_bottom":"","ocean_shortcode_after_footer_bottom":"","ocean_display_top_bar":"default","ocean_display_header":"default","ocean_header_style":"","ocean_center_header_left_menu":"0","ocean_custom_header_template":"0","ocean_custom_logo":0,"ocean_custom_retina_logo":0,"ocean_custom_logo_max_width":0,"ocean_custom_logo_tablet_max_width":0,"ocean_custom_logo_mobile_max_width":0,"ocean_custom_logo_max_height":0,"ocean_custom_logo_tablet_max_height":0,"ocean_custom_logo_mobile_max_height":0,"ocean_header_custom_menu":"0","ocean_menu_typo_font_family":"0","ocean_menu_typo_font_subset":"","ocean_menu_typo_font_size":0,"ocean_menu_typo_font_size_tablet":0,"ocean_menu_typo_font_size_mobile":0,"ocean_menu_typo_font_size_unit":"px","ocean_menu_typo_font_weight":"","ocean_menu_typo_font_weight_tablet":"","ocean_menu_typo_font_weight_mobile":"","ocean_menu_typo_transform":"","ocean_menu_typo_transform_tablet":"","ocean_menu_typo_transform_mobile":"","ocean_menu_typo_line_height":0,"ocean_menu_typo_line_height_tablet":0,"ocean_menu_typo_line_height_mobile":0,"ocean_menu_typo_line_height_unit":"","ocean_menu_typo_spacing":0,"ocean_menu_typo_spacing_tablet":0,"ocean_menu_typo_spacing_mobile":0,"ocean_menu_typo_spacing_unit":"","ocean_menu_link_color":"","ocean_menu_link_color_hover":"","ocean_menu_link_color_active":"","ocean_menu_link_background":"","ocean_menu_link_hover_background":"","ocean_menu_link_active_background":"","ocean_menu_social_links_bg":"","ocean_menu_social_hover_links_bg":"","ocean_menu_social_links_color":"","ocean_menu_social_hover_links_color":"","ocean_disable_title":"default","ocean_disable_heading":"default","ocean_post_title":"","ocean_post_subheading":"","ocean_post_title_style":"","ocean_post_title_background_color":"","ocean_post_title_background":0,"ocean_post_title_bg_image_position":"","ocean_post_title_bg_image_attachment":"","ocean_post_title_bg_image_repeat":"","ocean_post_title_bg_image_size":"","ocean_post_title_height":0,"ocean_post_title_bg_overlay":0.5,"ocean_post_title_bg_overlay_color":"","ocean_disable_breadcrumbs":"default","ocean_breadcrumbs_color":"","ocean_breadcrumbs_separator_color":"","ocean_breadcrumbs_links_color":"","ocean_breadcrumbs_links_hover_color":"","ocean_display_footer_widgets":"default","ocean_display_footer_bottom":"default","ocean_custom_footer_template":"0","omw_enable_modal_window":"enable"},"product_brand":[],"product_cat":[96],"product_tag":[72,98,104,78],"class_list":{"0":"post-2202","1":"product","2":"type-product","3":"status-publish","4":"has-post-thumbnail","6":"product_cat-narukvice","7":"product_tag-bestseller","8":"product_tag-bracelet","9":"product_tag-cuff","10":"product_tag-jewelry-2","12":"entry","13":"has-media","15":"first","16":"instock","17":"purchasable","18":"product-type-simple","19":"has-product-nav","20":"col","21":"span_1_of_3","22":"owp-content-center","23":"owp-thumbs-layout-horizontal","24":"owp-btn-normal","25":"owp-tabs-layout-horizontal"},"_links":{"self":[{"href":"https:\/\/suncanamore.com\/index.php?rest_route=\/wp\/v2\/product\/2202","targetHints":{"allow":["GET"]}}],"collection":[{"href":"https:\/\/suncanamore.com\/index.php?rest_route=\/wp\/v2\/product"}],"about":[{"href":"https:\/\/suncanamore.com\/index.php?rest_route=\/wp\/v2\/types\/product"}],"replies":[{"embeddable":true,"href":"https:\/\/suncanamore.com\/index.php?rest_route=%2Fwp%2Fv2%2Fcomments&post=2202"}],"wp:featuredmedia":[{"embeddable":true,"href":"https:\/\/suncanamore.com\/index.php?rest_route=\/wp\/v2\/media\/2541"}],"wp:attachment":[{"href":"https:\/\/suncanamore.com\/index.php?rest_route=%2Fwp%2Fv2%2Fmedia&parent=2202"}],"wp:term":[{"taxonomy":"product_brand","embeddable":true,"href":"https:\/\/suncanamore.com\/index.php?rest_route=%2Fwp%2Fv2%2Fproduct_brand&post=2202"},{"taxonomy":"product_cat","embeddable":true,"href":"https:\/\/suncanamore.com\/index.php?rest_route=%2Fwp%2Fv2%2Fproduct_cat&post=2202"},{"taxonomy":"product_tag","embeddable":true,"href":"https:\/\/suncanamore.com\/index.php?rest_route=%2Fwp%2Fv2%2Fproduct_tag&post=2202"}],"curies":[{"name":"wp","href":"https:\/\/api.w.org\/{rel}","templated":true}]}}