{"id":2385,"date":"2025-09-10T11:17:32","date_gmt":"2025-09-10T11:17:32","guid":{"rendered":"https:\/\/suncanamore.com\/?product=ocean-song-medallion"},"modified":"2025-10-01T12:26:26","modified_gmt":"2025-10-01T10:26:26","slug":"ocean-song-medallion","status":"publish","type":"product","link":"https:\/\/suncanamore.com\/?product=ocean-song-medallion","title":{"rendered":"Pjesma mora medaljon"},"content":{"rendered":"<div id=\":sx\" class=\"Ar Au Ao\">\n<div id=\":st\" class=\"Am Al editable LW-avf tS-tW tS-tY\" tabindex=\"1\" role=\"textbox\" contenteditable=\"true\" spellcheck=\"false\" aria-multiline=\"true\" aria-label=\"Message Body\">\n<p data-start=\"100\" data-end=\"166\">Elegantan i suptilan, a ipak dovoljno sjajan da privu\u010de poglede.<\/p>\n<p data-start=\"168\" data-end=\"452\">Inspiriran \u010darolijom Pa\u0161ke \u010dipke, ovaj privjesak je urezan u visokokvalitetni aluminij (99,5%) ekolo\u0161kom tehnikom pomo\u0107u slane vode i struje, \u0161to svaki komad \u010dini jedinstvenim. Osnova nau\u0161nica izra\u0111ena je od medicinskog nehr\u0111aju\u0107eg \u010delika 304, hipoalergenskog i sigurnog za no\u0161enje.<\/p>\n<p data-start=\"454\" data-end=\"645\">Aluminij zadr\u017eava hladan srebrni sjaj, a uz povremeno poliranje krpicom za nakit, uvijek izgleda besprijekorno. Svaki detalj oblikovan je i poliran ru\u010dno, uz pa\u017enju i majstorsku preciznost.<\/p>\n<p data-start=\"647\" data-end=\"670\">Dimenzije: cca 2,5 cm<\/p>\n<p data-start=\"672\" data-end=\"748\">Savr\u0161en za svaki dan, a dovoljno poseban da obogati svaku posebnu priliku.<\/p>\n<p>Dimenzije: 4.5 cm<\/p>\n<\/div>\n<\/div>\n<p>Duljina lan\u010di\u0107a: 75 cm<\/p>\n<div class=\"simesy-faq-widget\" data-widget-id=\"632a167dab7cc90e7bf9200a\"><\/div>\n","protected":false},"excerpt":{"rendered":"<p>Elegantan i suptilan, a ipak dovoljno sjajan da privu\u010de poglede. Inspiriran \u010darolijom Pa\u0161ke \u010dipke, ovaj privjesak je urezan u visokokvalitetni aluminij (99,5%) ekolo\u0161kom tehnikom pomo\u0107u slane vode i struje, \u0161to svaki komad \u010dini jedinstvenim. Osnova nau\u0161nica izra\u0111ena je od medicinskog nehr\u0111aju\u0107eg \u010delika 304, hipoalergenskog i sigurnog za no\u0161enje. Aluminij zadr\u017eava hladan srebrni sjaj, a uz [&hellip;]<\/p>\n","protected":false},"featured_media":2516,"comment_status":"open","ping_status":"closed","template":"","meta":{"ocean_post_layout":"","ocean_both_sidebars_style":"","ocean_both_sidebars_content_width":0,"ocean_both_sidebars_sidebars_width":0,"ocean_sidebar":"0","ocean_second_sidebar":"0","ocean_disable_margins":"enable","ocean_add_body_class":"","ocean_shortcode_before_top_bar":"","ocean_shortcode_after_top_bar":"","ocean_shortcode_before_header":"","ocean_shortcode_after_header":"","ocean_has_shortcode":"","ocean_shortcode_after_title":"","ocean_shortcode_before_footer_widgets":"","ocean_shortcode_after_footer_widgets":"","ocean_shortcode_before_footer_bottom":"","ocean_shortcode_after_footer_bottom":"","ocean_display_top_bar":"default","ocean_display_header":"default","ocean_header_style":"","ocean_center_header_left_menu":"0","ocean_custom_header_template":"0","ocean_custom_logo":0,"ocean_custom_retina_logo":0,"ocean_custom_logo_max_width":0,"ocean_custom_logo_tablet_max_width":0,"ocean_custom_logo_mobile_max_width":0,"ocean_custom_logo_max_height":0,"ocean_custom_logo_tablet_max_height":0,"ocean_custom_logo_mobile_max_height":0,"ocean_header_custom_menu":"0","ocean_menu_typo_font_family":"0","ocean_menu_typo_font_subset":"","ocean_menu_typo_font_size":0,"ocean_menu_typo_font_size_tablet":0,"ocean_menu_typo_font_size_mobile":0,"ocean_menu_typo_font_size_unit":"px","ocean_menu_typo_font_weight":"","ocean_menu_typo_font_weight_tablet":"","ocean_menu_typo_font_weight_mobile":"","ocean_menu_typo_transform":"","ocean_menu_typo_transform_tablet":"","ocean_menu_typo_transform_mobile":"","ocean_menu_typo_line_height":0,"ocean_menu_typo_line_height_tablet":0,"ocean_menu_typo_line_height_mobile":0,"ocean_menu_typo_line_height_unit":"","ocean_menu_typo_spacing":0,"ocean_menu_typo_spacing_tablet":0,"ocean_menu_typo_spacing_mobile":0,"ocean_menu_typo_spacing_unit":"","ocean_menu_link_color":"","ocean_menu_link_color_hover":"","ocean_menu_link_color_active":"","ocean_menu_link_background":"","ocean_menu_link_hover_background":"","ocean_menu_link_active_background":"","ocean_menu_social_links_bg":"","ocean_menu_social_hover_links_bg":"","ocean_menu_social_links_color":"","ocean_menu_social_hover_links_color":"","ocean_disable_title":"default","ocean_disable_heading":"default","ocean_post_title":"","ocean_post_subheading":"","ocean_post_title_style":"","ocean_post_title_background_color":"","ocean_post_title_background":0,"ocean_post_title_bg_image_position":"","ocean_post_title_bg_image_attachment":"","ocean_post_title_bg_image_repeat":"","ocean_post_title_bg_image_size":"","ocean_post_title_height":0,"ocean_post_title_bg_overlay":0.5,"ocean_post_title_bg_overlay_color":"","ocean_disable_breadcrumbs":"default","ocean_breadcrumbs_color":"","ocean_breadcrumbs_separator_color":"","ocean_breadcrumbs_links_color":"","ocean_breadcrumbs_links_hover_color":"","ocean_display_footer_widgets":"default","ocean_display_footer_bottom":"default","ocean_custom_footer_template":"0","omw_enable_modal_window":"enable"},"product_brand":[],"product_cat":[71,159],"product_tag":[72,78,80,81,100],"class_list":{"0":"post-2385","1":"product","2":"type-product","3":"status-publish","4":"has-post-thumbnail","6":"product_cat-ogrlice","7":"product_cat-srebrne-ogrlice","8":"product_tag-bestseller","9":"product_tag-jewelry-2","10":"product_tag-medaljon","11":"product_tag-medallion","12":"product_tag-necklace-2","14":"entry","15":"has-media","17":"first","18":"instock","19":"purchasable","20":"product-type-simple","21":"has-product-nav","22":"col","23":"span_1_of_3","24":"owp-content-center","25":"owp-thumbs-layout-horizontal","26":"owp-btn-normal","27":"owp-tabs-layout-horizontal"},"_links":{"self":[{"href":"https:\/\/suncanamore.com\/index.php?rest_route=\/wp\/v2\/product\/2385","targetHints":{"allow":["GET"]}}],"collection":[{"href":"https:\/\/suncanamore.com\/index.php?rest_route=\/wp\/v2\/product"}],"about":[{"href":"https:\/\/suncanamore.com\/index.php?rest_route=\/wp\/v2\/types\/product"}],"replies":[{"embeddable":true,"href":"https:\/\/suncanamore.com\/index.php?rest_route=%2Fwp%2Fv2%2Fcomments&post=2385"}],"wp:featuredmedia":[{"embeddable":true,"href":"https:\/\/suncanamore.com\/index.php?rest_route=\/wp\/v2\/media\/2516"}],"wp:attachment":[{"href":"https:\/\/suncanamore.com\/index.php?rest_route=%2Fwp%2Fv2%2Fmedia&parent=2385"}],"wp:term":[{"taxonomy":"product_brand","embeddable":true,"href":"https:\/\/suncanamore.com\/index.php?rest_route=%2Fwp%2Fv2%2Fproduct_brand&post=2385"},{"taxonomy":"product_cat","embeddable":true,"href":"https:\/\/suncanamore.com\/index.php?rest_route=%2Fwp%2Fv2%2Fproduct_cat&post=2385"},{"taxonomy":"product_tag","embeddable":true,"href":"https:\/\/suncanamore.com\/index.php?rest_route=%2Fwp%2Fv2%2Fproduct_tag&post=2385"}],"curies":[{"name":"wp","href":"https:\/\/api.w.org\/{rel}","templated":true}]}}