{"id":2394,"date":"2025-09-10T11:17:33","date_gmt":"2025-09-10T11:17:33","guid":{"rendered":"https:\/\/suncanamore.com\/?post_type=product&#038;p=2394"},"modified":"2026-01-03T13:39:37","modified_gmt":"2026-01-03T12:39:37","slug":"mila-earings","status":"publish","type":"product","link":"https:\/\/suncanamore.com\/?product=mila-earings","title":{"rendered":"Mila nau\u0161nice"},"content":{"rendered":"<div id=\":sx\" class=\"Ar Au Ao\">\n<div id=\":st\" class=\"Am Al editable LW-avf tS-tW tS-tY\" tabindex=\"1\" role=\"textbox\" contenteditable=\"true\" spellcheck=\"false\" aria-label=\"Message Body\" aria-multiline=\"true\">\n<p data-start=\"63\" data-end=\"100\">Pa\u0161ka \u010dipka \u2013 &#8220;urezana&#8221; u metal!<\/p>\n<p data-start=\"102\" data-end=\"173\">Dovoljno suptilno za svaki dan, a dovoljno sjajno za posebne prilike.<\/p>\n<p data-start=\"175\" data-end=\"531\">Motivi Pa\u0161ke \u010dipke urezani su u metal ekolo\u0161ki \u2013 pomo\u0107u slane vode i struje, \u0161to \u010dini svaki komad jedinstvenim.<\/p>\n<p data-start=\"175\" data-end=\"531\">Materijali: aluminij 99,5% (privjesak) i nehr\u0111aju\u0107i \u010delik 304 (osnova nau\u0161nica).<\/p>\n<p data-start=\"175\" data-end=\"531\">Hipoalergenski, izdr\u017eljivi i sigurni za no\u0161enje.<br data-start=\"418\" data-end=\"421\" \/>Aluminij je sjajan u hladnom srebrnom tonu. Ako izgubi malo sjaja, jednostavno ga obnovite krpicom za nakit.<\/p>\n<p data-start=\"533\" data-end=\"653\">Svaki komad izra\u0111en je ru\u010dnim oblikovanjem i poliranjem od majstora koji pa\u017eljivo kontrolira cijeli proces jetkanja.<\/p>\n<p data-start=\"655\" data-end=\"678\">Dimenzije: cca 2,5 cm<\/p>\n<\/div>\n<\/div>\n<div class=\"simesy-faq-widget\" data-widget-id=\"632a167dab7cc90e7bf9200a\"><\/div>\n","protected":false},"excerpt":{"rendered":"<p>Pa\u0161ka \u010dipka \u2013 &#8220;urezana&#8221; u metal! Dovoljno suptilno za svaki dan, a dovoljno sjajno za posebne prilike. Motivi Pa\u0161ke \u010dipke urezani su u metal ekolo\u0161ki \u2013 pomo\u0107u slane vode i struje, \u0161to \u010dini svaki komad jedinstvenim. Materijali: aluminij 99,5% (privjesak) i nehr\u0111aju\u0107i \u010delik 304 (osnova nau\u0161nica). Hipoalergenski, izdr\u017eljivi i sigurni za no\u0161enje.Aluminij je sjajan u [&hellip;]<\/p>\n","protected":false},"featured_media":2557,"comment_status":"open","ping_status":"closed","template":"","meta":{"ocean_post_layout":"","ocean_both_sidebars_style":"","ocean_both_sidebars_content_width":0,"ocean_both_sidebars_sidebars_width":0,"ocean_sidebar":"0","ocean_second_sidebar":"0","ocean_disable_margins":"enable","ocean_add_body_class":"","ocean_shortcode_before_top_bar":"","ocean_shortcode_after_top_bar":"","ocean_shortcode_before_header":"","ocean_shortcode_after_header":"","ocean_has_shortcode":"","ocean_shortcode_after_title":"","ocean_shortcode_before_footer_widgets":"","ocean_shortcode_after_footer_widgets":"","ocean_shortcode_before_footer_bottom":"","ocean_shortcode_after_footer_bottom":"","ocean_display_top_bar":"default","ocean_display_header":"default","ocean_header_style":"","ocean_center_header_left_menu":"0","ocean_custom_header_template":"0","ocean_custom_logo":0,"ocean_custom_retina_logo":0,"ocean_custom_logo_max_width":0,"ocean_custom_logo_tablet_max_width":0,"ocean_custom_logo_mobile_max_width":0,"ocean_custom_logo_max_height":0,"ocean_custom_logo_tablet_max_height":0,"ocean_custom_logo_mobile_max_height":0,"ocean_header_custom_menu":"0","ocean_menu_typo_font_family":"0","ocean_menu_typo_font_subset":"","ocean_menu_typo_font_size":0,"ocean_menu_typo_font_size_tablet":0,"ocean_menu_typo_font_size_mobile":0,"ocean_menu_typo_font_size_unit":"px","ocean_menu_typo_font_weight":"","ocean_menu_typo_font_weight_tablet":"","ocean_menu_typo_font_weight_mobile":"","ocean_menu_typo_transform":"","ocean_menu_typo_transform_tablet":"","ocean_menu_typo_transform_mobile":"","ocean_menu_typo_line_height":0,"ocean_menu_typo_line_height_tablet":0,"ocean_menu_typo_line_height_mobile":0,"ocean_menu_typo_line_height_unit":"","ocean_menu_typo_spacing":0,"ocean_menu_typo_spacing_tablet":0,"ocean_menu_typo_spacing_mobile":0,"ocean_menu_typo_spacing_unit":"","ocean_menu_link_color":"","ocean_menu_link_color_hover":"","ocean_menu_link_color_active":"","ocean_menu_link_background":"","ocean_menu_link_hover_background":"","ocean_menu_link_active_background":"","ocean_menu_social_links_bg":"","ocean_menu_social_hover_links_bg":"","ocean_menu_social_links_color":"","ocean_menu_social_hover_links_color":"","ocean_disable_title":"default","ocean_disable_heading":"default","ocean_post_title":"","ocean_post_subheading":"","ocean_post_title_style":"","ocean_post_title_background_color":"","ocean_post_title_background":0,"ocean_post_title_bg_image_position":"","ocean_post_title_bg_image_attachment":"","ocean_post_title_bg_image_repeat":"","ocean_post_title_bg_image_size":"","ocean_post_title_height":0,"ocean_post_title_bg_overlay":0.5,"ocean_post_title_bg_overlay_color":"","ocean_disable_breadcrumbs":"default","ocean_breadcrumbs_color":"","ocean_breadcrumbs_separator_color":"","ocean_breadcrumbs_links_color":"","ocean_breadcrumbs_links_hover_color":"","ocean_display_footer_widgets":"default","ocean_display_footer_bottom":"default","ocean_custom_footer_template":"0","omw_enable_modal_window":"enable"},"product_brand":[],"product_cat":[76,111],"product_tag":[72,77,78],"class_list":{"0":"post-2394","1":"product","2":"type-product","3":"status-publish","4":"has-post-thumbnail","6":"product_cat-nausnice","7":"product_cat-srebrne-nausnice","8":"product_tag-bestseller","9":"product_tag-earrings","10":"product_tag-jewelry-2","12":"entry","13":"has-media","15":"first","16":"instock","17":"purchasable","18":"product-type-simple","19":"has-rating","20":"has-product-nav","21":"col","22":"span_1_of_3","23":"owp-content-center","24":"owp-thumbs-layout-horizontal","25":"owp-btn-normal","26":"owp-tabs-layout-horizontal","27":"has-no-thumbnails"},"_links":{"self":[{"href":"https:\/\/suncanamore.com\/index.php?rest_route=\/wp\/v2\/product\/2394","targetHints":{"allow":["GET"]}}],"collection":[{"href":"https:\/\/suncanamore.com\/index.php?rest_route=\/wp\/v2\/product"}],"about":[{"href":"https:\/\/suncanamore.com\/index.php?rest_route=\/wp\/v2\/types\/product"}],"replies":[{"embeddable":true,"href":"https:\/\/suncanamore.com\/index.php?rest_route=%2Fwp%2Fv2%2Fcomments&post=2394"}],"wp:featuredmedia":[{"embeddable":true,"href":"https:\/\/suncanamore.com\/index.php?rest_route=\/wp\/v2\/media\/2557"}],"wp:attachment":[{"href":"https:\/\/suncanamore.com\/index.php?rest_route=%2Fwp%2Fv2%2Fmedia&parent=2394"}],"wp:term":[{"taxonomy":"product_brand","embeddable":true,"href":"https:\/\/suncanamore.com\/index.php?rest_route=%2Fwp%2Fv2%2Fproduct_brand&post=2394"},{"taxonomy":"product_cat","embeddable":true,"href":"https:\/\/suncanamore.com\/index.php?rest_route=%2Fwp%2Fv2%2Fproduct_cat&post=2394"},{"taxonomy":"product_tag","embeddable":true,"href":"https:\/\/suncanamore.com\/index.php?rest_route=%2Fwp%2Fv2%2Fproduct_tag&post=2394"}],"curies":[{"name":"wp","href":"https:\/\/api.w.org\/{rel}","templated":true}]}}