{"id":2882,"date":"2025-09-30T10:16:05","date_gmt":"2025-09-30T08:16:05","guid":{"rendered":"https:\/\/suncanamore.com\/?post_type=product&#038;p=2882"},"modified":"2026-01-10T19:13:34","modified_gmt":"2026-01-10T18:13:34","slug":"podesivi-prsten-cipka-s-crtom","status":"publish","type":"product","link":"https:\/\/suncanamore.com\/?product=podesivi-prsten-cipka-s-crtom","title":{"rendered":"Podesivi prsten \u010dipka s crtom"},"content":{"rendered":"<div id=\":sx\" class=\"Ar Au Ao\">\n<div id=\":st\" class=\"Am Al editable LW-avf tS-tW tS-tY\" tabindex=\"1\" role=\"textbox\" contenteditable=\"true\" spellcheck=\"false\" aria-multiline=\"true\" aria-label=\"Message Body\">\n<div class=\"my-[1px]\">\n<div class=\"py-[3px] whitespace-pre-wrap u-break-words\"><strong>Jedinstven.<\/strong><\/div>\n<div><\/div>\n<\/div>\n<div class=\"my-[1px]\">\n<div class=\"py-[3px] whitespace-pre-wrap u-break-words\">\u0160to ga vi\u0161e nosite, to \u0107e vi\u0161e sjajiti!<\/div>\n<div><\/div>\n<\/div>\n<div class=\"my-[1px]\">\n<div class=\"py-[3px] whitespace-pre-wrap u-break-words\">Motiv pa\u0161ke \u010dipke ugraviran je u metalnu povr\u0161inu ekolo\u0161ki prihvatljivim metodama.<\/div>\n<div class=\"py-[3px] whitespace-pre-wrap u-break-words\">Koristimo slanu vodu (more) i elektri\u010dnu struju kako bismo ostvarili ovu \u010daroliju.<\/div>\n<div class=\"py-[3px] whitespace-pre-wrap u-break-words\">Ova metoda rezultira vrlo organskim izgledom, \u010dine\u0107i svaki komad jedinstvenim.<\/div>\n<div class=\"py-[3px] whitespace-pre-wrap u-break-words\">Proces graviranja zahtijeva da osoba bude majstor tehnike i zahtijeva nepodijeljenu pa\u017enju kako bi bio uspje\u0161an.<\/div>\n<div class=\"py-[3px] whitespace-pre-wrap u-break-words\">Zatim se sav na\u0161 nakit ru\u010dno oblikuje i polira s ljubavlju.<\/div>\n<div><\/div>\n<\/div>\n<div class=\"my-[1px]\">\n<div class=\"py-[3px] whitespace-pre-wrap u-break-words\">Izra\u0111en je od visokokvalitetnog aluminija 99,5 (ne ostavlja tragove na ko\u017ei i hipoalergen je).<\/div>\n<\/div>\n<div class=\"my-[1px]\">\n<div class=\"py-[3px] whitespace-pre-wrap u-break-words\">Vrlo je lagan i zaboravit \u0107ete da ga uop\u0107e nosite.<\/div>\n<div><\/div>\n<\/div>\n<div class=\"my-[1px]\">\n<div class=\"py-[3px] whitespace-pre-wrap u-break-words\">Aluminij je lijep i sjajan u hladnom srebrnom tonu. Ako malo izgubi sjaj, upotrijebite krpicu za \u010di\u0161\u0107enje nakita da ga ispolirate.<\/div>\n<div><\/div>\n<\/div>\n<div class=\"my-[1px]\">\n<div class=\"py-[3px] whitespace-pre-wrap u-break-words\">Veli\u010dina &#8211; podesiva<\/div>\n<\/div>\n<\/div>\n<\/div>\n<div class=\"simesy-faq-widget\" data-widget-id=\"632a167dab7cc90e7bf9200a\"><\/div>\n","protected":false},"excerpt":{"rendered":"<p>Jedinstven. \u0160to ga vi\u0161e nosite, to \u0107e vi\u0161e sjajiti! Motiv pa\u0161ke \u010dipke ugraviran je u metalnu povr\u0161inu ekolo\u0161ki prihvatljivim metodama. Koristimo slanu vodu (more) i elektri\u010dnu struju kako bismo ostvarili ovu \u010daroliju. Ova metoda rezultira vrlo organskim izgledom, \u010dine\u0107i svaki komad jedinstvenim. Proces graviranja zahtijeva da osoba bude majstor tehnike i zahtijeva nepodijeljenu pa\u017enju kako [&hellip;]<\/p>\n","protected":false},"featured_media":2877,"comment_status":"open","ping_status":"closed","template":"","meta":{"ocean_post_layout":"","ocean_both_sidebars_style":"","ocean_both_sidebars_content_width":0,"ocean_both_sidebars_sidebars_width":0,"ocean_sidebar":"0","ocean_second_sidebar":"0","ocean_disable_margins":"enable","ocean_add_body_class":"","ocean_shortcode_before_top_bar":"","ocean_shortcode_after_top_bar":"","ocean_shortcode_before_header":"","ocean_shortcode_after_header":"","ocean_has_shortcode":"","ocean_shortcode_after_title":"","ocean_shortcode_before_footer_widgets":"","ocean_shortcode_after_footer_widgets":"","ocean_shortcode_before_footer_bottom":"","ocean_shortcode_after_footer_bottom":"","ocean_display_top_bar":"default","ocean_display_header":"default","ocean_header_style":"","ocean_center_header_left_menu":"0","ocean_custom_header_template":"0","ocean_custom_logo":0,"ocean_custom_retina_logo":0,"ocean_custom_logo_max_width":0,"ocean_custom_logo_tablet_max_width":0,"ocean_custom_logo_mobile_max_width":0,"ocean_custom_logo_max_height":0,"ocean_custom_logo_tablet_max_height":0,"ocean_custom_logo_mobile_max_height":0,"ocean_header_custom_menu":"0","ocean_menu_typo_font_family":"0","ocean_menu_typo_font_subset":"","ocean_menu_typo_font_size":0,"ocean_menu_typo_font_size_tablet":0,"ocean_menu_typo_font_size_mobile":0,"ocean_menu_typo_font_size_unit":"px","ocean_menu_typo_font_weight":"","ocean_menu_typo_font_weight_tablet":"","ocean_menu_typo_font_weight_mobile":"","ocean_menu_typo_transform":"","ocean_menu_typo_transform_tablet":"","ocean_menu_typo_transform_mobile":"","ocean_menu_typo_line_height":0,"ocean_menu_typo_line_height_tablet":0,"ocean_menu_typo_line_height_mobile":0,"ocean_menu_typo_line_height_unit":"","ocean_menu_typo_spacing":0,"ocean_menu_typo_spacing_tablet":0,"ocean_menu_typo_spacing_mobile":0,"ocean_menu_typo_spacing_unit":"","ocean_menu_link_color":"","ocean_menu_link_color_hover":"","ocean_menu_link_color_active":"","ocean_menu_link_background":"","ocean_menu_link_hover_background":"","ocean_menu_link_active_background":"","ocean_menu_social_links_bg":"","ocean_menu_social_hover_links_bg":"","ocean_menu_social_links_color":"","ocean_menu_social_hover_links_color":"","ocean_disable_title":"default","ocean_disable_heading":"default","ocean_post_title":"","ocean_post_subheading":"","ocean_post_title_style":"","ocean_post_title_background_color":"","ocean_post_title_background":0,"ocean_post_title_bg_image_position":"","ocean_post_title_bg_image_attachment":"","ocean_post_title_bg_image_repeat":"","ocean_post_title_bg_image_size":"","ocean_post_title_height":0,"ocean_post_title_bg_overlay":0.5,"ocean_post_title_bg_overlay_color":"","ocean_disable_breadcrumbs":"default","ocean_breadcrumbs_color":"","ocean_breadcrumbs_separator_color":"","ocean_breadcrumbs_links_color":"","ocean_breadcrumbs_links_hover_color":"","ocean_display_footer_widgets":"default","ocean_display_footer_bottom":"default","ocean_custom_footer_template":"0","omw_enable_modal_window":"enable"},"product_brand":[],"product_cat":[102],"product_tag":[72,78,103],"class_list":{"0":"post-2882","1":"product","2":"type-product","3":"status-publish","4":"has-post-thumbnail","6":"product_cat-prsteni","7":"product_tag-bestseller","8":"product_tag-jewelry-2","9":"product_tag-ring","11":"entry","12":"has-media","14":"first","15":"instock","16":"purchasable","17":"product-type-simple","18":"has-product-nav","19":"col","20":"span_1_of_3","21":"owp-content-center","22":"owp-thumbs-layout-horizontal","23":"owp-btn-normal","24":"owp-tabs-layout-horizontal"},"_links":{"self":[{"href":"https:\/\/suncanamore.com\/index.php?rest_route=\/wp\/v2\/product\/2882","targetHints":{"allow":["GET"]}}],"collection":[{"href":"https:\/\/suncanamore.com\/index.php?rest_route=\/wp\/v2\/product"}],"about":[{"href":"https:\/\/suncanamore.com\/index.php?rest_route=\/wp\/v2\/types\/product"}],"replies":[{"embeddable":true,"href":"https:\/\/suncanamore.com\/index.php?rest_route=%2Fwp%2Fv2%2Fcomments&post=2882"}],"wp:featuredmedia":[{"embeddable":true,"href":"https:\/\/suncanamore.com\/index.php?rest_route=\/wp\/v2\/media\/2877"}],"wp:attachment":[{"href":"https:\/\/suncanamore.com\/index.php?rest_route=%2Fwp%2Fv2%2Fmedia&parent=2882"}],"wp:term":[{"taxonomy":"product_brand","embeddable":true,"href":"https:\/\/suncanamore.com\/index.php?rest_route=%2Fwp%2Fv2%2Fproduct_brand&post=2882"},{"taxonomy":"product_cat","embeddable":true,"href":"https:\/\/suncanamore.com\/index.php?rest_route=%2Fwp%2Fv2%2Fproduct_cat&post=2882"},{"taxonomy":"product_tag","embeddable":true,"href":"https:\/\/suncanamore.com\/index.php?rest_route=%2Fwp%2Fv2%2Fproduct_tag&post=2882"}],"curies":[{"name":"wp","href":"https:\/\/api.w.org\/{rel}","templated":true}]}}