{"id":3172,"date":"2025-10-29T13:24:01","date_gmt":"2025-10-29T12:24:01","guid":{"rendered":"https:\/\/suncanamore.com\/?post_type=product&#038;p=3172"},"modified":"2026-01-03T13:39:37","modified_gmt":"2026-01-03T12:39:37","slug":"nausnice-beleca","status":"publish","type":"product","link":"https:\/\/suncanamore.com\/?product=nausnice-beleca","title":{"rendered":"Nau\u0161nice Beleca"},"content":{"rendered":"<div id=\":sx\" class=\"Ar Au Ao\">\n<div id=\":st\" class=\"Am Al editable LW-avf tS-tW tS-tY\" tabindex=\"1\" role=\"textbox\" spellcheck=\"false\" aria-label=\"Message Body\" aria-multiline=\"true\">\n<p data-start=\"35\" data-end=\"115\"><strong data-start=\"35\" data-end=\"113\">Dovoljno skromno za svakodnevno no\u0161enje, a opet sjajno za posebne prilike!<\/strong><\/p>\n<p data-start=\"117\" data-end=\"430\">Motiv Pag \u010dipke ugraviran je na metalnu povr\u0161inu ekolo\u0161kim metodama. Kombinacijom slane vode (mora) i elektri\u010dne struje stvaramo jedinstven, organski izgled\u2014nijedan komad nije isti. Ovaj slo\u017eeni proces graviranja zahtijeva majstorstvo i potpunu pa\u017enju. Svaki komad na\u0161eg nakita potom se ru\u010dno oblikuje i polira.<\/p>\n<p data-start=\"432\" data-end=\"449\"><strong data-start=\"432\" data-end=\"447\">Materijali:<\/strong><\/p>\n<ul data-start=\"450\" data-end=\"631\">\n<li data-start=\"450\" data-end=\"506\">\n<p data-start=\"452\" data-end=\"506\">Privjesak: visokokvalitetni aluminij 99,5<\/p>\n<\/li>\n<li data-start=\"507\" data-end=\"631\">\n<p data-start=\"509\" data-end=\"631\">Lanac: medicinski nehr\u0111aju\u0107i \u010delik 304<br data-start=\"547\" data-end=\"550\" \/>Oba materijala su hipoalergena (osim mesinga), izdr\u017eljiva i sigurna za no\u0161enje.<\/p>\n<\/li>\n<\/ul>\n<p data-start=\"633\" data-end=\"763\"><strong data-start=\"633\" data-end=\"646\">Aluminij:<\/strong> hladni srebrni ton, lagan i udoban \u010dak i za ve\u0107e privjeske. Za povratak sjaja koristite krpicu za \u010di\u0161\u0107enje nakita.<\/p>\n<p data-start=\"1177\" data-end=\"1208\"><strong data-start=\"1177\" data-end=\"1191\">Dimenzije:<\/strong> pribli\u017eno 2 cm<\/p>\n<\/div>\n<\/div>\n","protected":false},"excerpt":{"rendered":"<p>Dovoljno skromno za svakodnevno no\u0161enje, a opet sjajno za posebne prilike! Motiv Pag \u010dipke ugraviran je na metalnu povr\u0161inu ekolo\u0161kim metodama. Kombinacijom slane vode (mora) i elektri\u010dne struje stvaramo jedinstven, organski izgled\u2014nijedan komad nije isti. Ovaj slo\u017eeni proces graviranja zahtijeva majstorstvo i potpunu pa\u017enju. Svaki komad na\u0161eg nakita potom se ru\u010dno oblikuje i polira. Materijali: [&hellip;]<\/p>\n","protected":false},"featured_media":3175,"comment_status":"open","ping_status":"closed","template":"","meta":{"ocean_post_layout":"","ocean_both_sidebars_style":"","ocean_both_sidebars_content_width":0,"ocean_both_sidebars_sidebars_width":0,"ocean_sidebar":"0","ocean_second_sidebar":"0","ocean_disable_margins":"enable","ocean_add_body_class":"","ocean_shortcode_before_top_bar":"","ocean_shortcode_after_top_bar":"","ocean_shortcode_before_header":"","ocean_shortcode_after_header":"","ocean_has_shortcode":"","ocean_shortcode_after_title":"","ocean_shortcode_before_footer_widgets":"","ocean_shortcode_after_footer_widgets":"","ocean_shortcode_before_footer_bottom":"","ocean_shortcode_after_footer_bottom":"","ocean_display_top_bar":"default","ocean_display_header":"default","ocean_header_style":"","ocean_center_header_left_menu":"0","ocean_custom_header_template":"0","ocean_custom_logo":0,"ocean_custom_retina_logo":0,"ocean_custom_logo_max_width":0,"ocean_custom_logo_tablet_max_width":0,"ocean_custom_logo_mobile_max_width":0,"ocean_custom_logo_max_height":0,"ocean_custom_logo_tablet_max_height":0,"ocean_custom_logo_mobile_max_height":0,"ocean_header_custom_menu":"0","ocean_menu_typo_font_family":"0","ocean_menu_typo_font_subset":"","ocean_menu_typo_font_size":0,"ocean_menu_typo_font_size_tablet":0,"ocean_menu_typo_font_size_mobile":0,"ocean_menu_typo_font_size_unit":"px","ocean_menu_typo_font_weight":"","ocean_menu_typo_font_weight_tablet":"","ocean_menu_typo_font_weight_mobile":"","ocean_menu_typo_transform":"","ocean_menu_typo_transform_tablet":"","ocean_menu_typo_transform_mobile":"","ocean_menu_typo_line_height":0,"ocean_menu_typo_line_height_tablet":0,"ocean_menu_typo_line_height_mobile":0,"ocean_menu_typo_line_height_unit":"","ocean_menu_typo_spacing":0,"ocean_menu_typo_spacing_tablet":0,"ocean_menu_typo_spacing_mobile":0,"ocean_menu_typo_spacing_unit":"","ocean_menu_link_color":"","ocean_menu_link_color_hover":"","ocean_menu_link_color_active":"","ocean_menu_link_background":"","ocean_menu_link_hover_background":"","ocean_menu_link_active_background":"","ocean_menu_social_links_bg":"","ocean_menu_social_hover_links_bg":"","ocean_menu_social_links_color":"","ocean_menu_social_hover_links_color":"","ocean_disable_title":"default","ocean_disable_heading":"default","ocean_post_title":"","ocean_post_subheading":"","ocean_post_title_style":"","ocean_post_title_background_color":"","ocean_post_title_background":0,"ocean_post_title_bg_image_position":"","ocean_post_title_bg_image_attachment":"","ocean_post_title_bg_image_repeat":"","ocean_post_title_bg_image_size":"","ocean_post_title_height":0,"ocean_post_title_bg_overlay":0.5,"ocean_post_title_bg_overlay_color":"","ocean_disable_breadcrumbs":"default","ocean_breadcrumbs_color":"","ocean_breadcrumbs_separator_color":"","ocean_breadcrumbs_links_color":"","ocean_breadcrumbs_links_hover_color":"","ocean_display_footer_widgets":"default","ocean_display_footer_bottom":"default","ocean_custom_footer_template":"0","omw_enable_modal_window":"enable"},"product_brand":[],"product_cat":[76,111],"product_tag":[72,79,77,78],"class_list":{"0":"post-3172","1":"product","2":"type-product","3":"status-publish","4":"has-post-thumbnail","6":"product_cat-nausnice","7":"product_cat-srebrne-nausnice","8":"product_tag-bestseller","9":"product_tag-brass","10":"product_tag-earrings","11":"product_tag-jewelry-2","13":"entry","14":"has-media","16":"first","17":"instock","18":"purchasable","19":"product-type-simple","20":"has-rating","21":"has-product-nav","22":"col","23":"span_1_of_3","24":"owp-content-center","25":"owp-thumbs-layout-horizontal","26":"owp-btn-normal","27":"owp-tabs-layout-horizontal"},"_links":{"self":[{"href":"https:\/\/suncanamore.com\/index.php?rest_route=\/wp\/v2\/product\/3172","targetHints":{"allow":["GET"]}}],"collection":[{"href":"https:\/\/suncanamore.com\/index.php?rest_route=\/wp\/v2\/product"}],"about":[{"href":"https:\/\/suncanamore.com\/index.php?rest_route=\/wp\/v2\/types\/product"}],"replies":[{"embeddable":true,"href":"https:\/\/suncanamore.com\/index.php?rest_route=%2Fwp%2Fv2%2Fcomments&post=3172"}],"wp:featuredmedia":[{"embeddable":true,"href":"https:\/\/suncanamore.com\/index.php?rest_route=\/wp\/v2\/media\/3175"}],"wp:attachment":[{"href":"https:\/\/suncanamore.com\/index.php?rest_route=%2Fwp%2Fv2%2Fmedia&parent=3172"}],"wp:term":[{"taxonomy":"product_brand","embeddable":true,"href":"https:\/\/suncanamore.com\/index.php?rest_route=%2Fwp%2Fv2%2Fproduct_brand&post=3172"},{"taxonomy":"product_cat","embeddable":true,"href":"https:\/\/suncanamore.com\/index.php?rest_route=%2Fwp%2Fv2%2Fproduct_cat&post=3172"},{"taxonomy":"product_tag","embeddable":true,"href":"https:\/\/suncanamore.com\/index.php?rest_route=%2Fwp%2Fv2%2Fproduct_tag&post=3172"}],"curies":[{"name":"wp","href":"https:\/\/api.w.org\/{rel}","templated":true}]}}