{"id":3399,"date":"2026-01-18T23:41:19","date_gmt":"2026-01-18T22:41:19","guid":{"rendered":"https:\/\/suncanamore.com\/?post_type=product&#038;p=3399"},"modified":"2026-01-19T10:06:07","modified_gmt":"2026-01-19T09:06:07","slug":"srce-mjedeno-nausnice","status":"publish","type":"product","link":"https:\/\/suncanamore.com\/?product=srce-mjedeno-nausnice","title":{"rendered":"Srce mjedeno nau\u0161nice"},"content":{"rendered":"<div id=\":sx\" class=\"Ar Au Ao\">\n<div id=\":st\" class=\"Am Al editable LW-avf tS-tW tS-tY\" tabindex=\"1\" role=\"textbox\" spellcheck=\"false\" aria-multiline=\"true\" aria-label=\"Message Body\">\n<p data-start=\"118\" data-end=\"193\"><strong data-start=\"118\" data-end=\"191\">Dovoljno suptilno za svaki dan, a dovoljno sjajno za posebne prilike!<\/strong><\/p>\n<p data-start=\"195\" data-end=\"412\">Motiv <strong data-start=\"201\" data-end=\"216\">Pa\u0161ke \u010dipke<\/strong> urezan je u metal koriste\u0107i <strong data-start=\"245\" data-end=\"277\">ekolo\u0161ki prihvatljive metode<\/strong> \u2013 slana voda i elektri\u010dna struja stvaraju ovu malu \u010daroliju. Rezultat je <strong data-start=\"351\" data-end=\"370\">organski izgled<\/strong>, \u0161to \u010dini svaki komad <strong data-start=\"393\" data-end=\"409\">jedinstvenim<\/strong>.<\/p>\n<p data-start=\"414\" data-end=\"427\">Dostupno u:<\/p>\n<ul data-start=\"428\" data-end=\"541\">\n<li data-start=\"428\" data-end=\"492\">\n<p data-start=\"430\" data-end=\"492\"><strong data-start=\"430\" data-end=\"440\">Mesing<\/strong>\u00a0\u2013 privjesak<\/p>\n<\/li>\n<li data-start=\"493\" data-end=\"541\">\n<p data-start=\"495\" data-end=\"541\"><strong data-start=\"495\" data-end=\"530\">Medicinski nehr\u0111aju\u0107i \u010delik 304<\/strong> \u2013 lan\u010di\u0107<\/p>\n<\/li>\n<\/ul>\n<p data-start=\"543\" data-end=\"630\">Oba materijala su <strong data-start=\"561\" data-end=\"579\">hipoalergenska<\/strong> (osim mesinga), izdr\u017eljiva i sigurna za no\u0161enje.<\/p>\n<p data-start=\"632\" data-end=\"813\"><strong data-start=\"765\" data-end=\"776\">Mesing:<\/strong> s vremenom prirodno razvija patinu, dodaju\u0107i karakter i dubinu. Za \u201cvinti\u0111\u201d izgled jednostavno ga pustite da prirodno stari. Ako \u017eelite zadr\u017eati originalni sjaj, slijedite preporu\u010dene metode \u010di\u0161\u0107enja i odr\u017eavanja. Napomena: neki korisnici mogu primijetiti privremeno \u201czelenjenje\u201d na ko\u017ei zbog bezopasne kemijske reakcije izme\u0111u prirodnih ulja ko\u017ee i bakra u mesingu. \u010ci\u0161\u0107enje poni\u0161tava ovaj u\u010dinak.<\/p>\n<p data-start=\"1365\" data-end=\"1455\"><strong data-start=\"1365\" data-end=\"1398\">Svaki komad izra\u0111uje majstor:<\/strong> motiv se ureziva ru\u010dno, zatim nakit oblikuje i polira.<\/p>\n<p data-start=\"1457\" data-end=\"1490\"><strong data-start=\"1457\" data-end=\"1471\">Dimenzije:<\/strong> pribli\u017eno 1,5 cm<\/p>\n<\/div>\n<\/div>\n","protected":false},"excerpt":{"rendered":"<p data-start=\"93\" data-end=\"213\"><strong data-start=\"95\" data-end=\"134\">Pa\u0161ka \u010dipka \u2013 ru\u010dno urezana u metal<\/strong><br data-start=\"136\" data-end=\"139\" \/>Dovoljno suptilno za svaki dan, a dovoljno sjajno za posebne prilike!<\/p>\n<ul>\n<li data-start=\"215\" data-end=\"569\">\u00a0Inspirirano magijom <strong data-start=\"238\" data-end=\"253\">Pa\u0161ke \u010dipke<\/strong>, svaki privjesak je <strong data-start=\"274\" data-end=\"288\">jedinstven<\/strong> zahvaljuju\u0107i ekolo\u0161koj metodi urezivanja slanom vodom i strujom.<\/li>\n<li data-start=\"215\" data-end=\"569\">\u00a0Materijali: <strong data-start=\"371\" data-end=\"389\">aluminij 99,5%<\/strong> (lagan i sjajan) | <strong data-start=\"409\" data-end=\"419\">mesing<\/strong> (s patinom koja se razvija s vremenom) | <strong data-start=\"461\" data-end=\"485\" data-is-only-node=\"\">nehr\u0111aju\u0107i \u010delik 304<\/strong> \u2013 svi sigurni i izdr\u017eljivi.<\/li>\n<li data-start=\"215\" data-end=\"569\">\u00a0Hipoalergensko i ru\u010dno polirano do savr\u0161enstva.<\/li>\n<\/ul>\n<p data-start=\"571\" data-end=\"654\">Dodajte da\u0161ak <strong data-start=\"585\" data-end=\"610\">tradicionalne ljepote<\/strong> svom stilu i nosite umjetnost koja traje!<\/p>\n","protected":false},"featured_media":3400,"comment_status":"open","ping_status":"closed","template":"","meta":{"ocean_post_layout":"","ocean_both_sidebars_style":"","ocean_both_sidebars_content_width":0,"ocean_both_sidebars_sidebars_width":0,"ocean_sidebar":"0","ocean_second_sidebar":"0","ocean_disable_margins":"enable","ocean_add_body_class":"","ocean_shortcode_before_top_bar":"","ocean_shortcode_after_top_bar":"","ocean_shortcode_before_header":"","ocean_shortcode_after_header":"","ocean_has_shortcode":"","ocean_shortcode_after_title":"","ocean_shortcode_before_footer_widgets":"","ocean_shortcode_after_footer_widgets":"","ocean_shortcode_before_footer_bottom":"","ocean_shortcode_after_footer_bottom":"","ocean_display_top_bar":"default","ocean_display_header":"default","ocean_header_style":"","ocean_center_header_left_menu":"0","ocean_custom_header_template":"0","ocean_custom_logo":0,"ocean_custom_retina_logo":0,"ocean_custom_logo_max_width":0,"ocean_custom_logo_tablet_max_width":0,"ocean_custom_logo_mobile_max_width":0,"ocean_custom_logo_max_height":0,"ocean_custom_logo_tablet_max_height":0,"ocean_custom_logo_mobile_max_height":0,"ocean_header_custom_menu":"0","ocean_menu_typo_font_family":"0","ocean_menu_typo_font_subset":"","ocean_menu_typo_font_size":0,"ocean_menu_typo_font_size_tablet":0,"ocean_menu_typo_font_size_mobile":0,"ocean_menu_typo_font_size_unit":"px","ocean_menu_typo_font_weight":"","ocean_menu_typo_font_weight_tablet":"","ocean_menu_typo_font_weight_mobile":"","ocean_menu_typo_transform":"","ocean_menu_typo_transform_tablet":"","ocean_menu_typo_transform_mobile":"","ocean_menu_typo_line_height":0,"ocean_menu_typo_line_height_tablet":0,"ocean_menu_typo_line_height_mobile":0,"ocean_menu_typo_line_height_unit":"","ocean_menu_typo_spacing":0,"ocean_menu_typo_spacing_tablet":0,"ocean_menu_typo_spacing_mobile":0,"ocean_menu_typo_spacing_unit":"","ocean_menu_link_color":"","ocean_menu_link_color_hover":"","ocean_menu_link_color_active":"","ocean_menu_link_background":"","ocean_menu_link_hover_background":"","ocean_menu_link_active_background":"","ocean_menu_social_links_bg":"","ocean_menu_social_hover_links_bg":"","ocean_menu_social_links_color":"","ocean_menu_social_hover_links_color":"","ocean_disable_title":"default","ocean_disable_heading":"default","ocean_post_title":"","ocean_post_subheading":"","ocean_post_title_style":"","ocean_post_title_background_color":"","ocean_post_title_background":0,"ocean_post_title_bg_image_position":"","ocean_post_title_bg_image_attachment":"","ocean_post_title_bg_image_repeat":"","ocean_post_title_bg_image_size":"","ocean_post_title_height":0,"ocean_post_title_bg_overlay":0.5,"ocean_post_title_bg_overlay_color":"","ocean_disable_breadcrumbs":"default","ocean_breadcrumbs_color":"","ocean_breadcrumbs_separator_color":"","ocean_breadcrumbs_links_color":"","ocean_breadcrumbs_links_hover_color":"","ocean_display_footer_widgets":"default","ocean_display_footer_bottom":"default","ocean_custom_footer_template":"0","omw_enable_modal_window":"enable"},"product_brand":[],"product_cat":[76,164,112],"product_tag":[72,79,77,78],"class_list":{"0":"post-3399","1":"product","2":"type-product","3":"status-publish","4":"has-post-thumbnail","6":"product_cat-nausnice","7":"product_cat-srce","8":"product_cat-zlatne-nausnice","9":"product_tag-bestseller","10":"product_tag-brass","11":"product_tag-earrings","12":"product_tag-jewelry-2","14":"entry","15":"has-media","17":"first","18":"instock","19":"purchasable","20":"product-type-simple","21":"has-product-nav","22":"col","23":"span_1_of_3","24":"owp-content-center","25":"owp-thumbs-layout-horizontal","26":"owp-btn-normal","27":"owp-tabs-layout-horizontal","28":"has-no-thumbnails"},"_links":{"self":[{"href":"https:\/\/suncanamore.com\/index.php?rest_route=\/wp\/v2\/product\/3399","targetHints":{"allow":["GET"]}}],"collection":[{"href":"https:\/\/suncanamore.com\/index.php?rest_route=\/wp\/v2\/product"}],"about":[{"href":"https:\/\/suncanamore.com\/index.php?rest_route=\/wp\/v2\/types\/product"}],"replies":[{"embeddable":true,"href":"https:\/\/suncanamore.com\/index.php?rest_route=%2Fwp%2Fv2%2Fcomments&post=3399"}],"wp:featuredmedia":[{"embeddable":true,"href":"https:\/\/suncanamore.com\/index.php?rest_route=\/wp\/v2\/media\/3400"}],"wp:attachment":[{"href":"https:\/\/suncanamore.com\/index.php?rest_route=%2Fwp%2Fv2%2Fmedia&parent=3399"}],"wp:term":[{"taxonomy":"product_brand","embeddable":true,"href":"https:\/\/suncanamore.com\/index.php?rest_route=%2Fwp%2Fv2%2Fproduct_brand&post=3399"},{"taxonomy":"product_cat","embeddable":true,"href":"https:\/\/suncanamore.com\/index.php?rest_route=%2Fwp%2Fv2%2Fproduct_cat&post=3399"},{"taxonomy":"product_tag","embeddable":true,"href":"https:\/\/suncanamore.com\/index.php?rest_route=%2Fwp%2Fv2%2Fproduct_tag&post=3399"}],"curies":[{"name":"wp","href":"https:\/\/api.w.org\/{rel}","templated":true}]}}